{"id":649,"date":"2017-03-15T13:18:12","date_gmt":"2017-03-15T13:18:12","guid":{"rendered":"http:\/\/www.palitosdealamo.cl\/?page_id=649"},"modified":"2024-04-08T20:39:01","modified_gmt":"2024-04-08T20:39:01","slug":"maquetas","status":"publish","type":"page","link":"http:\/\/www.palitosdealamo.cl\/?page_id=649","title":{"rendered":"Palitos de Maqueta"},"content":{"rendered":"\n<figure class=\"wp-block-image size-large\"><a href=\"http:\/\/www.palitosdealamo.cl\/wp-content\/uploads\/2014\/10\/banner08.jpg\"><img loading=\"lazy\" decoding=\"async\" width=\"1024\" height=\"188\" src=\"http:\/\/www.palitosdealamo.cl\/wp-content\/uploads\/2014\/10\/banner08-1024x188.jpg\" alt=\"\" class=\"wp-image-131\" srcset=\"http:\/\/www.palitosdealamo.cl\/wp-content\/uploads\/2014\/10\/banner08-1024x188.jpg 1024w, http:\/\/www.palitosdealamo.cl\/wp-content\/uploads\/2014\/10\/banner08-300x55.jpg 300w, http:\/\/www.palitosdealamo.cl\/wp-content\/uploads\/2014\/10\/banner08.jpg 1140w\" sizes=\"(max-width: 1024px) 100vw, 1024px\" \/><\/a><\/figure>\n\n\n\n<hr class=\"wp-block-separator has-text-color has-white-color has-alpha-channel-opacity has-white-background-color has-background\"\/>\n\n\n\n<p>HT cuenta con un stock permanente de palitos y tablillas para maqueta, de todas las formas y medidas. Recibimos pedidos para mayoristas. Para compras al por menor, encuentre nuestros productos en los locales distribuidores en la <a rel=\"noreferrer noopener\" href=\"http:\/\/www.palitosdealamo.cl\/?page_id=14\" target=\"_blank\">REGION METROPOLITANA<\/a> y<a rel=\"noreferrer noopener\" href=\"http:\/\/www.palitosdealamo.cl\/?page_id=16\" target=\"_blank\"> REGIONES<\/a>.<\/p>\n\n\n\n<hr class=\"wp-block-separator has-text-color has-white-color has-alpha-channel-opacity has-white-background-color has-background\"\/>\n\n\n\n<figure class=\"wp-block-image size-full\"><a href=\"http:\/\/www.palitosdealamo.cl\/wp-content\/uploads\/2017\/03\/stock-palitos-maqueta.jpg\"><img loading=\"lazy\" decoding=\"async\" width=\"710\" height=\"133\" src=\"http:\/\/www.palitosdealamo.cl\/wp-content\/uploads\/2017\/03\/stock-palitos-maqueta.jpg\" alt=\"\" class=\"wp-image-1219\" srcset=\"http:\/\/www.palitosdealamo.cl\/wp-content\/uploads\/2017\/03\/stock-palitos-maqueta.jpg 710w, http:\/\/www.palitosdealamo.cl\/wp-content\/uploads\/2017\/03\/stock-palitos-maqueta-300x56.jpg 300w\" sizes=\"(max-width: 710px) 100vw, 710px\" \/><\/a><\/figure>\n\n\n\n<h4 class=\"wp-block-heading\" style=\"font-size:28px\">\u00a0Productos para Maqueter\u00eda<\/h4>\n\n\n\n\n\n<p>\u00a0<\/p>\n<div style=\"background-color: #d8d9da; padding: 10px;\">\n<p style=\"text-align: justify; font-family: Arial; font-size: 17px; color: #666666;\">HT ofrece una amplia variedad de palitos de maqueta de Raul\u00ed, con las siguientes medidas:<\/p>\n<p style=\"font-family: Arial; font-size: 14px; text-align: center;\">Cuadrados: \u2013 1&#215;1 mm. \u2013 2&#215;2 mm.\u00a0\u2013 3&#215;3 mm. \u2013 4&#215;4 mm. \u2013\u00a05\u00d75 mm. \u2013 6\u00d76 mm. \u2013 3\u00d710 mm. \u2013 7\u00d77 mm. \u2013 8\u00d78 mm. \u2013 9&#215;9 mm. \u2013\u00a010\u00d710 mm. \u2013 3\u00d74 mm. \u2013 2\u00d75 mm. \u2013 3\u00d76 mm. \u2013 2\u00d710 mm. \u2013<\/p>\n<p style=\"font-family: Arial; font-size: 14px; text-align: center;\">Palitos Cil\u00edndricos : \u2013 6mm.\u00a0\u2013 8mm.\u00a0\u2013 10 mm.\u00a0\u2013<\/p>\n<\/div>\n<p style=\"text-align: center; font-size: 16px; font-family: Arial; color: #ffffff; background-color: #ff6600; padding: 5px;\"><strong>PARA HACER SUS PEDIDOS, ENCUENTRENOS EN: <img loading=\"lazy\" decoding=\"async\" class=\"alignnone wp-image-876\" src=\"http:\/\/www.palitosdealamo.cl\/wp-content\/uploads\/2014\/10\/w.png\" alt=\"\" width=\"22\" height=\"22\" \/>\u00a0+56-9 94362824 &#8211; +56-9 49101898<\/strong><\/p>\n<p style=\"text-align: center; font-size: 14px; font-family: Arial;\">Despachamos a Regiones, previo dep\u00f3sito bancario, v\u00eda Tur Bus, Lit Cargo y cualquier l\u00ednea que ofrezca el servicio de retiro en taller.<\/p>\n<p><img loading=\"lazy\" decoding=\"async\" class=\"alignnone size-full wp-image-959 aligncenter\" src=\"http:\/\/www.palitosdealamo.cl\/wp-content\/uploads\/2014\/10\/certificacion-fsc.jpg\" alt=\"\" width=\"447\" height=\"40\" srcset=\"http:\/\/www.palitosdealamo.cl\/wp-content\/uploads\/2014\/10\/certificacion-fsc.jpg 447w, http:\/\/www.palitosdealamo.cl\/wp-content\/uploads\/2014\/10\/certificacion-fsc-300x27.jpg 300w\" sizes=\"(max-width: 447px) 100vw, 447px\" \/><\/p>\n<p>Este es un ejemplo de las manualidades que se pueden realizar con palitos de maqueta:<\/p>\n\r\n<div class=\"ngg-galleryoverview\" id=\"ngg-gallery-24-649\">\r\n\r\n\t<!-- Slideshow link -->\r\n\t<div class=\"slideshowlink\">\r\n\t\t<a class=\"slideshowlink\" href=\"http:\/\/www.palitosdealamo.cl\/?page_id=649&amp;show=slide\">\r\n\t\t\t[Show as slideshow]\t\t<\/a>\r\n\t<\/div>\r\n\r\n\t\r\n\t<!-- Thumbnails -->\r\n\t\t\r\n\t<div id=\"ngg-image-195\" class=\"ngg-gallery-thumbnail-box\" style=\"width:33%;\" >\r\n\t\t<div class=\"ngg-gallery-thumbnail\" >\r\n\t\t\t<a href=\"http:\/\/www.palitosdealamo.cl\/wp-content\/gallery\/maquetas\/maqueta-01.jpg\" title=\" \" class=\"shutterset_set_24\" >\r\n\t\t\t\t\t\t\t\t<img loading=\"lazy\" decoding=\"async\" title=\"maqueta-01\" alt=\"maqueta-01\" src=\"http:\/\/www.palitosdealamo.cl\/wp-content\/gallery\/maquetas\/thumbs\/thumbs_maqueta-01.jpg\" width=\"235\" height=\"225\" \/>\r\n\t\t\t\t\t\t\t<\/a>\r\n\t\t<\/div>\r\n\t<\/div>\r\n\t\r\n\t\t\r\n \t\t\r\n\t<div id=\"ngg-image-196\" class=\"ngg-gallery-thumbnail-box\" style=\"width:33%;\" >\r\n\t\t<div class=\"ngg-gallery-thumbnail\" >\r\n\t\t\t<a href=\"http:\/\/www.palitosdealamo.cl\/wp-content\/gallery\/maquetas\/maqueta-02.jpg\" title=\" \" class=\"shutterset_set_24\" >\r\n\t\t\t\t\t\t\t\t<img loading=\"lazy\" decoding=\"async\" title=\"maqueta-02\" alt=\"maqueta-02\" src=\"http:\/\/www.palitosdealamo.cl\/wp-content\/gallery\/maquetas\/thumbs\/thumbs_maqueta-02.jpg\" width=\"235\" height=\"225\" \/>\r\n\t\t\t\t\t\t\t<\/a>\r\n\t\t<\/div>\r\n\t<\/div>\r\n\t\r\n\t\t\r\n \t\t\r\n\t<div id=\"ngg-image-197\" class=\"ngg-gallery-thumbnail-box\" style=\"width:33%;\" >\r\n\t\t<div class=\"ngg-gallery-thumbnail\" >\r\n\t\t\t<a href=\"http:\/\/www.palitosdealamo.cl\/wp-content\/gallery\/maquetas\/maqueta-03.jpg\" title=\" \" class=\"shutterset_set_24\" >\r\n\t\t\t\t\t\t\t\t<img loading=\"lazy\" decoding=\"async\" title=\"maqueta-03\" alt=\"maqueta-03\" src=\"http:\/\/www.palitosdealamo.cl\/wp-content\/gallery\/maquetas\/thumbs\/thumbs_maqueta-03.jpg\" width=\"235\" height=\"225\" \/>\r\n\t\t\t\t\t\t\t<\/a>\r\n\t\t<\/div>\r\n\t<\/div>\r\n\t\r\n\t\t\t\t<br style=\"clear: both\" \/>\r\n\t\r\n \t \t\r\n\t<!-- Pagination -->\r\n \t<div class=\"ngg-clear\"><\/div> \t\r\n<\/div>\r\n\r\n\n<h4><span style=\"font-size: 24px;\">Manualidades con Palitos de\u00a0Maquetas<\/span><\/h4>\n<p>En estos links podr\u00e1s encontrar distintas cosas que podr\u00e1s hacer utilizando palitos de maqueta.<\/p>\n<p><a href=\"http:\/\/www.comolohago.cl\/como-hacer-un-lampara-china\/\" target=\"_blank\" rel=\"noopener noreferrer\">&#8211; C\u00f3mo hacer un l\u00e1mpara china<\/a><\/p>\n<p><a href=\"http:\/\/mistemas.over-blog.es\/article-abanicos-de-madera-como-hacerlos-108657625.html\" target=\"_blank\" rel=\"noopener noreferrer\">&#8211; Abanicos de Madera: c\u00f3mo hacerlos.<\/a><\/p>\n<p><a href=\"https:\/\/youtu.be\/xZvPhqPrUfU\" target=\"_blank\" rel=\"noopener noreferrer\">-Reloj de Varillas de Madera.<\/a><\/p>\n<p><a href=\"http:\/\/papelisimo.es\/2017\/03\/lampra-madera-colgante-instrucciones\/\" target=\"_blank\" rel=\"noopener noreferrer\">-L\u00e1mpara de Madera Colgante<\/a><\/p>\n<p>\u00a0<\/p>","protected":false},"excerpt":{"rendered":"<p>HT cuenta con un stock permanente de palitos y tablillas para maqueta, de todas las formas y medidas. Recibimos pedidos para mayoristas. Para compras al por menor, encuentre nuestros productos en los locales distribuidores en la REGION METROPOLITANA y REGIONES. \u00a0Productos para Maqueter\u00eda \u00a0 HT ofrece una amplia variedad de palitos de maqueta de Raul\u00ed, [&hellip;]<\/p>\n","protected":false},"author":1,"featured_media":131,"parent":0,"menu_order":0,"comment_status":"closed","ping_status":"closed","template":"","meta":{"content-type":"","footnotes":""},"_links":{"self":[{"href":"http:\/\/www.palitosdealamo.cl\/index.php?rest_route=\/wp\/v2\/pages\/649"}],"collection":[{"href":"http:\/\/www.palitosdealamo.cl\/index.php?rest_route=\/wp\/v2\/pages"}],"about":[{"href":"http:\/\/www.palitosdealamo.cl\/index.php?rest_route=\/wp\/v2\/types\/page"}],"author":[{"embeddable":true,"href":"http:\/\/www.palitosdealamo.cl\/index.php?rest_route=\/wp\/v2\/users\/1"}],"replies":[{"embeddable":true,"href":"http:\/\/www.palitosdealamo.cl\/index.php?rest_route=%2Fwp%2Fv2%2Fcomments&post=649"}],"version-history":[{"count":61,"href":"http:\/\/www.palitosdealamo.cl\/index.php?rest_route=\/wp\/v2\/pages\/649\/revisions"}],"predecessor-version":[{"id":3647,"href":"http:\/\/www.palitosdealamo.cl\/index.php?rest_route=\/wp\/v2\/pages\/649\/revisions\/3647"}],"wp:featuredmedia":[{"embeddable":true,"href":"http:\/\/www.palitosdealamo.cl\/index.php?rest_route=\/wp\/v2\/media\/131"}],"wp:attachment":[{"href":"http:\/\/www.palitosdealamo.cl\/index.php?rest_route=%2Fwp%2Fv2%2Fmedia&parent=649"}],"curies":[{"name":"wp","href":"https:\/\/api.w.org\/{rel}","templated":true}]}}