{"id":527,"date":"2016-11-14T16:46:00","date_gmt":"2016-11-14T16:46:00","guid":{"rendered":"http:\/\/www.palitosdealamo.cl\/?page_id=527"},"modified":"2019-09-20T22:21:09","modified_gmt":"2019-09-20T22:21:09","slug":"raices-regalos-naturales","status":"publish","type":"page","link":"http:\/\/www.palitosdealamo.cl\/?page_id=527","title":{"rendered":"Ra\u00edces, Regalos Naturales"},"content":{"rendered":"<p>Nuestra nueva l\u00ednea de productos &#8220;Ra\u00edces&#8221; son hechos con materiales naturales y pueden ser grabados con el logo de su empresa.<\/p>\n\r\n<div class=\"ngg-galleryoverview\" id=\"ngg-gallery-63-527\">\r\n\r\n\t<!-- Slideshow link -->\r\n\t<div class=\"slideshowlink\">\r\n\t\t<a class=\"slideshowlink\" href=\"http:\/\/www.palitosdealamo.cl\/?page_id=527&amp;show=slide\">\r\n\t\t\t[Show as slideshow]\t\t<\/a>\r\n\t<\/div>\r\n\r\n\t\r\n\t<!-- Thumbnails -->\r\n\t\t\r\n\t<div id=\"ngg-image-592\" class=\"ngg-gallery-thumbnail-box\" style=\"width:33%;\" >\r\n\t\t<div class=\"ngg-gallery-thumbnail\" >\r\n\t\t\t<a href=\"http:\/\/www.palitosdealamo.cl\/wp-content\/gallery\/raices02\/especiero-frascos-copia.png\" title=\" \" class=\"shutterset_set_63\" >\r\n\t\t\t\t\t\t\t\t<img loading=\"lazy\" decoding=\"async\" title=\"especiero-frascos-copia\" alt=\"especiero-frascos-copia\" src=\"http:\/\/www.palitosdealamo.cl\/wp-content\/gallery\/raices02\/thumbs\/thumbs_especiero-frascos-copia.png\" width=\"235\" height=\"156\" \/>\r\n\t\t\t\t\t\t\t<\/a>\r\n\t\t<\/div>\r\n\t<\/div>\r\n\t\r\n\t\t\r\n \t\t\r\n\t<div id=\"ngg-image-593\" class=\"ngg-gallery-thumbnail-box\" style=\"width:33%;\" >\r\n\t\t<div class=\"ngg-gallery-thumbnail\" >\r\n\t\t\t<a href=\"http:\/\/www.palitosdealamo.cl\/wp-content\/gallery\/raices02\/especiero-tubo.png\" title=\" \" class=\"shutterset_set_63\" >\r\n\t\t\t\t\t\t\t\t<img loading=\"lazy\" decoding=\"async\" title=\"especiero-tubo\" alt=\"especiero-tubo\" src=\"http:\/\/www.palitosdealamo.cl\/wp-content\/gallery\/raices02\/thumbs\/thumbs_especiero-tubo.png\" width=\"235\" height=\"156\" \/>\r\n\t\t\t\t\t\t\t<\/a>\r\n\t\t<\/div>\r\n\t<\/div>\r\n\t\r\n\t\t\r\n \t\t\r\n\t<div id=\"ngg-image-595\" class=\"ngg-gallery-thumbnail-box\" style=\"width:33%;\" >\r\n\t\t<div class=\"ngg-gallery-thumbnail\" >\r\n\t\t\t<a href=\"http:\/\/www.palitosdealamo.cl\/wp-content\/gallery\/raices02\/maceta-vertical-copia.png\" title=\" \" class=\"shutterset_set_63\" >\r\n\t\t\t\t\t\t\t\t<img loading=\"lazy\" decoding=\"async\" title=\"maceta-vertical-copia\" alt=\"maceta-vertical-copia\" src=\"http:\/\/www.palitosdealamo.cl\/wp-content\/gallery\/raices02\/thumbs\/thumbs_maceta-vertical-copia.png\" width=\"235\" height=\"156\" \/>\r\n\t\t\t\t\t\t\t<\/a>\r\n\t\t<\/div>\r\n\t<\/div>\r\n\t\r\n\t\t\t\t<br style=\"clear: both\" \/>\r\n\t\r\n \t\t\r\n\t<div id=\"ngg-image-594\" class=\"ngg-gallery-thumbnail-box\" style=\"width:33%;\" >\r\n\t\t<div class=\"ngg-gallery-thumbnail\" >\r\n\t\t\t<a href=\"http:\/\/www.palitosdealamo.cl\/wp-content\/gallery\/raices02\/macetas02.png\" title=\" \" class=\"shutterset_set_63\" >\r\n\t\t\t\t\t\t\t\t<img loading=\"lazy\" decoding=\"async\" title=\"macetas02\" alt=\"macetas02\" src=\"http:\/\/www.palitosdealamo.cl\/wp-content\/gallery\/raices02\/thumbs\/thumbs_macetas02.png\" width=\"235\" height=\"156\" \/>\r\n\t\t\t\t\t\t\t<\/a>\r\n\t\t<\/div>\r\n\t<\/div>\r\n\t\r\n\t\t\r\n \t\t\r\n\t<div id=\"ngg-image-596\" class=\"ngg-gallery-thumbnail-box\" style=\"width:33%;\" >\r\n\t\t<div class=\"ngg-gallery-thumbnail\" >\r\n\t\t\t<a href=\"http:\/\/www.palitosdealamo.cl\/wp-content\/gallery\/raices02\/posavasos-tronco-copia.png\" title=\" \" class=\"shutterset_set_63\" >\r\n\t\t\t\t\t\t\t\t<img loading=\"lazy\" decoding=\"async\" title=\"posavasos-tronco-copia\" alt=\"posavasos-tronco-copia\" src=\"http:\/\/www.palitosdealamo.cl\/wp-content\/gallery\/raices02\/thumbs\/thumbs_posavasos-tronco-copia.png\" width=\"235\" height=\"156\" \/>\r\n\t\t\t\t\t\t\t<\/a>\r\n\t\t<\/div>\r\n\t<\/div>\r\n\t\r\n\t\t\r\n \t\t\r\n\t<div id=\"ngg-image-597\" class=\"ngg-gallery-thumbnail-box\" style=\"width:33%;\" >\r\n\t\t<div class=\"ngg-gallery-thumbnail\" >\r\n\t\t\t<a href=\"http:\/\/www.palitosdealamo.cl\/wp-content\/gallery\/raices02\/tablas-rusticas-copia.png\" title=\" \" class=\"shutterset_set_63\" >\r\n\t\t\t\t\t\t\t\t<img loading=\"lazy\" decoding=\"async\" title=\"tablas-rusticas-copia\" alt=\"tablas-rusticas-copia\" src=\"http:\/\/www.palitosdealamo.cl\/wp-content\/gallery\/raices02\/thumbs\/thumbs_tablas-rusticas-copia.png\" width=\"235\" height=\"156\" \/>\r\n\t\t\t\t\t\t\t<\/a>\r\n\t\t<\/div>\r\n\t<\/div>\r\n\t\r\n\t\t\t\t<br style=\"clear: both\" \/>\r\n\t\r\n \t \t\r\n\t<!-- Pagination -->\r\n \t<div class=\"ngg-clear\"><\/div> \t\r\n<\/div>\r\n\r\n\n","protected":false},"excerpt":{"rendered":"<p>Nuestra nueva l\u00ednea de productos &#8220;Ra\u00edces&#8221; son hechos con materiales naturales y pueden ser grabados con el logo de su empresa.<\/p>\n","protected":false},"author":1,"featured_media":0,"parent":0,"menu_order":0,"comment_status":"closed","ping_status":"closed","template":"","meta":{"content-type":"","footnotes":""},"_links":{"self":[{"href":"http:\/\/www.palitosdealamo.cl\/index.php?rest_route=\/wp\/v2\/pages\/527"}],"collection":[{"href":"http:\/\/www.palitosdealamo.cl\/index.php?rest_route=\/wp\/v2\/pages"}],"about":[{"href":"http:\/\/www.palitosdealamo.cl\/index.php?rest_route=\/wp\/v2\/types\/page"}],"author":[{"embeddable":true,"href":"http:\/\/www.palitosdealamo.cl\/index.php?rest_route=\/wp\/v2\/users\/1"}],"replies":[{"embeddable":true,"href":"http:\/\/www.palitosdealamo.cl\/index.php?rest_route=%2Fwp%2Fv2%2Fcomments&post=527"}],"version-history":[{"count":3,"href":"http:\/\/www.palitosdealamo.cl\/index.php?rest_route=\/wp\/v2\/pages\/527\/revisions"}],"predecessor-version":[{"id":530,"href":"http:\/\/www.palitosdealamo.cl\/index.php?rest_route=\/wp\/v2\/pages\/527\/revisions\/530"}],"wp:attachment":[{"href":"http:\/\/www.palitosdealamo.cl\/index.php?rest_route=%2Fwp%2Fv2%2Fmedia&parent=527"}],"curies":[{"name":"wp","href":"https:\/\/api.w.org\/{rel}","templated":true}]}}