{"id":259,"date":"2015-03-19T22:46:15","date_gmt":"2015-03-19T22:46:15","guid":{"rendered":"http:\/\/www.palitosdealamo.cl\/?page_id=259"},"modified":"2019-09-20T22:00:57","modified_gmt":"2019-09-20T22:00:57","slug":"corte-y-grabado-laser","status":"publish","type":"page","link":"http:\/\/www.palitosdealamo.cl\/?page_id=259","title":{"rendered":"Corte y Grabado L\u00e1ser"},"content":{"rendered":"<p style=\"text-align: justify;\">HT desarrolla proyectos a la medida, con grabado y corte l\u00e1ser. Con esta herramienta, se puede dar forma a una amplia gama de objetos, colocar logotipos e im\u00e1genes grabados en madera nativa. Esto es ideal para la confecci\u00f3n de regalos personalizados y merchandising de empresas e instituciones.<\/p>\n<p style=\"text-align: center; font-size: 16px; font-family: Arial; color: #ffffff; background-color: #ff9900; padding: 5px;\"><strong>CONSULTE POR SU PROYECTO EN LOS NUMEROS: \u00a0<img loading=\"lazy\" decoding=\"async\" class=\"alignnone wp-image-876\" src=\"http:\/\/www.palitosdealamo.cl\/wp-content\/uploads\/2014\/10\/w.png\" alt=\"\" width=\"22\" height=\"22\" \/> +56-9 94362824 &#8211; +56-9 49101898<\/strong><\/p>\n\r\n<div class=\"ngg-galleryoverview\" id=\"ngg-gallery-11-259\">\r\n\r\n\t<!-- Slideshow link -->\r\n\t<div class=\"slideshowlink\">\r\n\t\t<a class=\"slideshowlink\" href=\"http:\/\/www.palitosdealamo.cl\/?page_id=259&amp;show=slide\">\r\n\t\t\t[Show as slideshow]\t\t<\/a>\r\n\t<\/div>\r\n\r\n\t\r\n\t<!-- Thumbnails -->\r\n\t\t\r\n\t<div id=\"ngg-image-75\" class=\"ngg-gallery-thumbnail-box\" style=\"width:33%;\" >\r\n\t\t<div class=\"ngg-gallery-thumbnail\" >\r\n\t\t\t<a href=\"http:\/\/www.palitosdealamo.cl\/wp-content\/gallery\/corte-laser\/abridor-cartas.png\" title=\" \" class=\"shutterset_set_11\" >\r\n\t\t\t\t\t\t\t\t<img loading=\"lazy\" decoding=\"async\" title=\"abridor-cartas\" alt=\"abridor-cartas\" src=\"http:\/\/www.palitosdealamo.cl\/wp-content\/gallery\/corte-laser\/thumbs\/thumbs_abridor-cartas.png\" width=\"235\" height=\"156\" \/>\r\n\t\t\t\t\t\t\t<\/a>\r\n\t\t<\/div>\r\n\t<\/div>\r\n\t\r\n\t\t\r\n \t\t\r\n\t<div id=\"ngg-image-154\" class=\"ngg-gallery-thumbnail-box\" style=\"width:33%;\" >\r\n\t\t<div class=\"ngg-gallery-thumbnail\" >\r\n\t\t\t<a href=\"http:\/\/www.palitosdealamo.cl\/wp-content\/gallery\/corte-laser\/botones-2.png\" title=\" \" class=\"shutterset_set_11\" >\r\n\t\t\t\t\t\t\t\t<img loading=\"lazy\" decoding=\"async\" title=\"botones-2\" alt=\"botones-2\" src=\"http:\/\/www.palitosdealamo.cl\/wp-content\/gallery\/corte-laser\/thumbs\/thumbs_botones-2.png\" width=\"234\" height=\"155\" \/>\r\n\t\t\t\t\t\t\t<\/a>\r\n\t\t<\/div>\r\n\t<\/div>\r\n\t\r\n\t\t\r\n \t\t\r\n\t<div id=\"ngg-image-138\" class=\"ngg-gallery-thumbnail-box\" style=\"width:33%;\" >\r\n\t\t<div class=\"ngg-gallery-thumbnail\" >\r\n\t\t\t<a href=\"http:\/\/www.palitosdealamo.cl\/wp-content\/gallery\/corte-laser\/caja-vino-5.png\" title=\" \" class=\"shutterset_set_11\" >\r\n\t\t\t\t\t\t\t\t<img loading=\"lazy\" decoding=\"async\" title=\"caja-vino-5\" alt=\"caja-vino-5\" src=\"http:\/\/www.palitosdealamo.cl\/wp-content\/gallery\/corte-laser\/thumbs\/thumbs_caja-vino-5.png\" width=\"234\" height=\"158\" \/>\r\n\t\t\t\t\t\t\t<\/a>\r\n\t\t<\/div>\r\n\t<\/div>\r\n\t\r\n\t\t\t\t<br style=\"clear: both\" \/>\r\n\t\r\n \t\t\r\n\t<div id=\"ngg-image-77\" class=\"ngg-gallery-thumbnail-box\" style=\"width:33%;\" >\r\n\t\t<div class=\"ngg-gallery-thumbnail\" >\r\n\t\t\t<a href=\"http:\/\/www.palitosdealamo.cl\/wp-content\/gallery\/corte-laser\/chapitas-grabadas.png\" title=\" \" class=\"shutterset_set_11\" >\r\n\t\t\t\t\t\t\t\t<img loading=\"lazy\" decoding=\"async\" title=\"chapitas-grabadas\" alt=\"chapitas-grabadas\" src=\"http:\/\/www.palitosdealamo.cl\/wp-content\/gallery\/corte-laser\/thumbs\/thumbs_chapitas-grabadas.png\" width=\"235\" height=\"156\" \/>\r\n\t\t\t\t\t\t\t<\/a>\r\n\t\t<\/div>\r\n\t<\/div>\r\n\t\r\n\t\t\r\n \t\t\r\n\t<div id=\"ngg-image-85\" class=\"ngg-gallery-thumbnail-box\" style=\"width:33%;\" >\r\n\t\t<div class=\"ngg-gallery-thumbnail\" >\r\n\t\t\t<a href=\"http:\/\/www.palitosdealamo.cl\/wp-content\/gallery\/corte-laser\/llavero.png\" title=\" \" class=\"shutterset_set_11\" >\r\n\t\t\t\t\t\t\t\t<img loading=\"lazy\" decoding=\"async\" title=\"llavero\" alt=\"llavero\" src=\"http:\/\/www.palitosdealamo.cl\/wp-content\/gallery\/corte-laser\/thumbs\/thumbs_llavero.png\" width=\"235\" height=\"156\" \/>\r\n\t\t\t\t\t\t\t<\/a>\r\n\t\t<\/div>\r\n\t<\/div>\r\n\t\r\n\t\t\r\n \t\t\r\n\t<div id=\"ngg-image-83\" class=\"ngg-gallery-thumbnail-box\" style=\"width:33%;\" >\r\n\t\t<div class=\"ngg-gallery-thumbnail\" >\r\n\t\t\t<a href=\"http:\/\/www.palitosdealamo.cl\/wp-content\/gallery\/corte-laser\/marcador-plantas-02.png\" title=\" \" class=\"shutterset_set_11\" >\r\n\t\t\t\t\t\t\t\t<img loading=\"lazy\" decoding=\"async\" title=\"marcador-plantas-02\" alt=\"marcador-plantas-02\" src=\"http:\/\/www.palitosdealamo.cl\/wp-content\/gallery\/corte-laser\/thumbs\/thumbs_marcador-plantas-02.png\" width=\"235\" height=\"156\" \/>\r\n\t\t\t\t\t\t\t<\/a>\r\n\t\t<\/div>\r\n\t<\/div>\r\n\t\r\n\t\t\t\t<br style=\"clear: both\" \/>\r\n\t\r\n \t\t\r\n\t<div id=\"ngg-image-78\" class=\"ngg-gallery-thumbnail-box\" style=\"width:33%;\" >\r\n\t\t<div class=\"ngg-gallery-thumbnail\" >\r\n\t\t\t<a href=\"http:\/\/www.palitosdealamo.cl\/wp-content\/gallery\/corte-laser\/marcador-plantas.png\" title=\" \" class=\"shutterset_set_11\" >\r\n\t\t\t\t\t\t\t\t<img loading=\"lazy\" decoding=\"async\" title=\"marcador-plantas\" alt=\"marcador-plantas\" src=\"http:\/\/www.palitosdealamo.cl\/wp-content\/gallery\/corte-laser\/thumbs\/thumbs_marcador-plantas.png\" width=\"235\" height=\"156\" \/>\r\n\t\t\t\t\t\t\t<\/a>\r\n\t\t<\/div>\r\n\t<\/div>\r\n\t\r\n\t\t\r\n \t\t\r\n\t<div id=\"ngg-image-79\" class=\"ngg-gallery-thumbnail-box\" style=\"width:33%;\" >\r\n\t\t<div class=\"ngg-gallery-thumbnail\" >\r\n\t\t\t<a href=\"http:\/\/www.palitosdealamo.cl\/wp-content\/gallery\/corte-laser\/paletas-depilacion.png\" title=\" \" class=\"shutterset_set_11\" >\r\n\t\t\t\t\t\t\t\t<img loading=\"lazy\" decoding=\"async\" title=\"paletas-depilacion\" alt=\"paletas-depilacion\" src=\"http:\/\/www.palitosdealamo.cl\/wp-content\/gallery\/corte-laser\/thumbs\/thumbs_paletas-depilacion.png\" width=\"235\" height=\"156\" \/>\r\n\t\t\t\t\t\t\t<\/a>\r\n\t\t<\/div>\r\n\t<\/div>\r\n\t\r\n\t\t\r\n \t\t\r\n\t<div id=\"ngg-image-86\" class=\"ngg-gallery-thumbnail-box\" style=\"width:33%;\" >\r\n\t\t<div class=\"ngg-gallery-thumbnail\" >\r\n\t\t\t<a href=\"http:\/\/www.palitosdealamo.cl\/wp-content\/gallery\/corte-laser\/palitos-logo.png\" title=\" \" class=\"shutterset_set_11\" >\r\n\t\t\t\t\t\t\t\t<img loading=\"lazy\" decoding=\"async\" title=\" \" alt=\" \" src=\"http:\/\/www.palitosdealamo.cl\/wp-content\/gallery\/corte-laser\/thumbs\/thumbs_palitos-logo.png\" width=\"235\" height=\"156\" \/>\r\n\t\t\t\t\t\t\t<\/a>\r\n\t\t<\/div>\r\n\t<\/div>\r\n\t\r\n\t\t\t\t<br style=\"clear: both\" \/>\r\n\t\r\n \t\t\r\n\t<div id=\"ngg-image-80\" class=\"ngg-gallery-thumbnail-box\" style=\"width:33%;\" >\r\n\t\t<div class=\"ngg-gallery-thumbnail\" >\r\n\t\t\t<a href=\"http:\/\/www.palitosdealamo.cl\/wp-content\/gallery\/corte-laser\/perritos-gabado.png\" title=\" \" class=\"shutterset_set_11\" >\r\n\t\t\t\t\t\t\t\t<img loading=\"lazy\" decoding=\"async\" title=\"perritos-gabado\" alt=\"perritos-gabado\" src=\"http:\/\/www.palitosdealamo.cl\/wp-content\/gallery\/corte-laser\/thumbs\/thumbs_perritos-gabado.png\" width=\"235\" height=\"156\" \/>\r\n\t\t\t\t\t\t\t<\/a>\r\n\t\t<\/div>\r\n\t<\/div>\r\n\t\r\n\t\t\r\n \t\t\r\n\t<div id=\"ngg-image-81\" class=\"ngg-gallery-thumbnail-box\" style=\"width:33%;\" >\r\n\t\t<div class=\"ngg-gallery-thumbnail\" >\r\n\t\t\t<a href=\"http:\/\/www.palitosdealamo.cl\/wp-content\/gallery\/corte-laser\/revolvedor-grabado.png\" title=\" \" class=\"shutterset_set_11\" >\r\n\t\t\t\t\t\t\t\t<img loading=\"lazy\" decoding=\"async\" title=\"revolvedor-grabado\" alt=\"revolvedor-grabado\" src=\"http:\/\/www.palitosdealamo.cl\/wp-content\/gallery\/corte-laser\/thumbs\/thumbs_revolvedor-grabado.png\" width=\"235\" height=\"156\" \/>\r\n\t\t\t\t\t\t\t<\/a>\r\n\t\t<\/div>\r\n\t<\/div>\r\n\t\r\n\t\t\r\n \t\t\r\n\t<div id=\"ngg-image-82\" class=\"ngg-gallery-thumbnail-box\" style=\"width:33%;\" >\r\n\t\t<div class=\"ngg-gallery-thumbnail\" >\r\n\t\t\t<a href=\"http:\/\/www.palitosdealamo.cl\/wp-content\/gallery\/corte-laser\/tarjetas-presentacion.png\" title=\" \" class=\"shutterset_set_11\" >\r\n\t\t\t\t\t\t\t\t<img loading=\"lazy\" decoding=\"async\" title=\"tarjetas-presentacion\" alt=\"tarjetas-presentacion\" src=\"http:\/\/www.palitosdealamo.cl\/wp-content\/gallery\/corte-laser\/thumbs\/thumbs_tarjetas-presentacion.png\" width=\"235\" height=\"156\" \/>\r\n\t\t\t\t\t\t\t<\/a>\r\n\t\t<\/div>\r\n\t<\/div>\r\n\t\r\n\t\t\t\t<br style=\"clear: both\" \/>\r\n\t\r\n \t \t\r\n\t<!-- Pagination -->\r\n \t<div class=\"ngg-clear\"><\/div> \t\r\n<\/div>\r\n\r\n\n<p>&nbsp;<\/p>\n<p><img loading=\"lazy\" decoding=\"async\" class=\"alignnone size-full wp-image-959 aligncenter\" src=\"http:\/\/www.palitosdealamo.cl\/wp-content\/uploads\/2014\/10\/certificacion-fsc.jpg\" alt=\"\" width=\"447\" height=\"40\" srcset=\"http:\/\/www.palitosdealamo.cl\/wp-content\/uploads\/2014\/10\/certificacion-fsc.jpg 447w, http:\/\/www.palitosdealamo.cl\/wp-content\/uploads\/2014\/10\/certificacion-fsc-300x27.jpg 300w\" sizes=\"(max-width: 447px) 100vw, 447px\" \/><\/p>\n<p>&nbsp;<\/p>\n<h4><strong>GALVANOS<\/strong><\/h4>\n<p>Tambien fabricamos, a pedido,\u00a0galvanos en madera nativa con grabado l\u00e1ser.<\/p>\n\r\n<div class=\"ngg-galleryoverview\" id=\"ngg-gallery-14-259\">\r\n\r\n\t<!-- Slideshow link -->\r\n\t<div class=\"slideshowlink\">\r\n\t\t<a class=\"slideshowlink\" href=\"http:\/\/www.palitosdealamo.cl\/?page_id=259&amp;show=slide\">\r\n\t\t\t[Show as slideshow]\t\t<\/a>\r\n\t<\/div>\r\n\r\n\t\r\n\t<!-- Thumbnails -->\r\n\t\t\r\n\t<div id=\"ngg-image-104\" class=\"ngg-gallery-thumbnail-box\" style=\"width:33%;\" >\r\n\t\t<div class=\"ngg-gallery-thumbnail\" >\r\n\t\t\t<a href=\"http:\/\/www.palitosdealamo.cl\/wp-content\/gallery\/galvanos-3\/galvano-madera-02.png\" title=\" \" class=\"shutterset_set_14\" >\r\n\t\t\t\t\t\t\t\t<img loading=\"lazy\" decoding=\"async\" title=\"galvano-madera-02\" alt=\"galvano-madera-02\" src=\"http:\/\/www.palitosdealamo.cl\/wp-content\/gallery\/galvanos-3\/thumbs\/thumbs_galvano-madera-02.png\" width=\"200\" height=\"267\" \/>\r\n\t\t\t\t\t\t\t<\/a>\r\n\t\t<\/div>\r\n\t<\/div>\r\n\t\r\n\t\t\r\n \t\t\r\n\t<div id=\"ngg-image-105\" class=\"ngg-gallery-thumbnail-box\" style=\"width:33%;\" >\r\n\t\t<div class=\"ngg-gallery-thumbnail\" >\r\n\t\t\t<a href=\"http:\/\/www.palitosdealamo.cl\/wp-content\/gallery\/galvanos-3\/galvano-madera-03.png\" title=\" \" class=\"shutterset_set_14\" >\r\n\t\t\t\t\t\t\t\t<img loading=\"lazy\" decoding=\"async\" title=\"galvano-madera-03\" alt=\"galvano-madera-03\" src=\"http:\/\/www.palitosdealamo.cl\/wp-content\/gallery\/galvanos-3\/thumbs\/thumbs_galvano-madera-03.png\" width=\"200\" height=\"267\" \/>\r\n\t\t\t\t\t\t\t<\/a>\r\n\t\t<\/div>\r\n\t<\/div>\r\n\t\r\n\t\t\r\n \t\t\r\n\t<div id=\"ngg-image-106\" class=\"ngg-gallery-thumbnail-box\" style=\"width:33%;\" >\r\n\t\t<div class=\"ngg-gallery-thumbnail\" >\r\n\t\t\t<a href=\"http:\/\/www.palitosdealamo.cl\/wp-content\/gallery\/galvanos-3\/galvano-madera-04.png\" title=\" \" class=\"shutterset_set_14\" >\r\n\t\t\t\t\t\t\t\t<img loading=\"lazy\" decoding=\"async\" title=\"galvano-madera-04\" alt=\"galvano-madera-04\" src=\"http:\/\/www.palitosdealamo.cl\/wp-content\/gallery\/galvanos-3\/thumbs\/thumbs_galvano-madera-04.png\" width=\"200\" height=\"267\" \/>\r\n\t\t\t\t\t\t\t<\/a>\r\n\t\t<\/div>\r\n\t<\/div>\r\n\t\r\n\t\t\t\t<br style=\"clear: both\" \/>\r\n\t\r\n \t\t\r\n\t<div id=\"ngg-image-107\" class=\"ngg-gallery-thumbnail-box\" style=\"width:33%;\" >\r\n\t\t<div class=\"ngg-gallery-thumbnail\" >\r\n\t\t\t<a href=\"http:\/\/www.palitosdealamo.cl\/wp-content\/gallery\/galvanos-3\/galvano-madera-05.png\" title=\" \" class=\"shutterset_set_14\" >\r\n\t\t\t\t\t\t\t\t<img loading=\"lazy\" decoding=\"async\" title=\"galvano-madera-05\" alt=\"galvano-madera-05\" src=\"http:\/\/www.palitosdealamo.cl\/wp-content\/gallery\/galvanos-3\/thumbs\/thumbs_galvano-madera-05.png\" width=\"200\" height=\"267\" \/>\r\n\t\t\t\t\t\t\t<\/a>\r\n\t\t<\/div>\r\n\t<\/div>\r\n\t\r\n\t\t\r\n \t \t\r\n\t<!-- Pagination -->\r\n \t<div class=\"ngg-clear\"><\/div> \t\r\n<\/div>\r\n\r\n\n<p>&nbsp;<\/p>\n<p><a href=\"https:\/\/www.facebook.com\/palitosdealamo\/\" target=\"_blank\" rel=\"noopener noreferrer\"><img loading=\"lazy\" decoding=\"async\" class=\"alignnone wp-image-1009\" src=\"http:\/\/www.palitosdealamo.cl\/wp-content\/uploads\/2014\/10\/boton-face02-300x46.jpg\" alt=\"\" width=\"170\" height=\"26\" srcset=\"http:\/\/www.palitosdealamo.cl\/wp-content\/uploads\/2014\/10\/boton-face02-300x46.jpg 300w, http:\/\/www.palitosdealamo.cl\/wp-content\/uploads\/2014\/10\/boton-face02.jpg 358w\" sizes=\"(max-width: 170px) 100vw, 170px\" \/><\/a><\/p>\n","protected":false},"excerpt":{"rendered":"<p>HT desarrolla proyectos a la medida, con grabado y corte l\u00e1ser. Con esta herramienta, se puede dar forma a una amplia gama de objetos, colocar logotipos e im\u00e1genes grabados en madera nativa. Esto es ideal para la confecci\u00f3n de regalos personalizados y merchandising de empresas e instituciones. CONSULTE POR SU PROYECTO EN LOS NUMEROS: \u00a0 [&hellip;]<\/p>\n","protected":false},"author":1,"featured_media":0,"parent":0,"menu_order":0,"comment_status":"closed","ping_status":"closed","template":"","meta":{"content-type":"","footnotes":""},"_links":{"self":[{"href":"http:\/\/www.palitosdealamo.cl\/index.php?rest_route=\/wp\/v2\/pages\/259"}],"collection":[{"href":"http:\/\/www.palitosdealamo.cl\/index.php?rest_route=\/wp\/v2\/pages"}],"about":[{"href":"http:\/\/www.palitosdealamo.cl\/index.php?rest_route=\/wp\/v2\/types\/page"}],"author":[{"embeddable":true,"href":"http:\/\/www.palitosdealamo.cl\/index.php?rest_route=\/wp\/v2\/users\/1"}],"replies":[{"embeddable":true,"href":"http:\/\/www.palitosdealamo.cl\/index.php?rest_route=%2Fwp%2Fv2%2Fcomments&post=259"}],"version-history":[{"count":20,"href":"http:\/\/www.palitosdealamo.cl\/index.php?rest_route=\/wp\/v2\/pages\/259\/revisions"}],"predecessor-version":[{"id":1023,"href":"http:\/\/www.palitosdealamo.cl\/index.php?rest_route=\/wp\/v2\/pages\/259\/revisions\/1023"}],"wp:attachment":[{"href":"http:\/\/www.palitosdealamo.cl\/index.php?rest_route=%2Fwp%2Fv2%2Fmedia&parent=259"}],"curies":[{"name":"wp","href":"https:\/\/api.w.org\/{rel}","templated":true}]}}