{"id":151,"date":"2014-10-23T20:27:20","date_gmt":"2014-10-23T20:27:20","guid":{"rendered":"http:\/\/www.palitosdealamo.cl\/?page_id=151"},"modified":"2019-09-20T22:25:08","modified_gmt":"2019-09-20T22:25:08","slug":"revolvedores-de-pintura","status":"publish","type":"page","link":"http:\/\/www.palitosdealamo.cl\/?page_id=151","title":{"rendered":"Revolvedores de Pintura &#8211; Medidas y detalles"},"content":{"rendered":"<p><a href=\"http:\/\/www.palitosdealamo.cl\/wp-content\/uploads\/2014\/10\/revolvedores-pintura.jpg\"><img loading=\"lazy\" decoding=\"async\" class=\"alignnone size-full wp-image-152\" src=\"http:\/\/www.palitosdealamo.cl\/wp-content\/uploads\/2014\/10\/revolvedores-pintura.jpg\" alt=\"revolvedores-pintura\" width=\"709\" height=\"289\" srcset=\"http:\/\/www.palitosdealamo.cl\/wp-content\/uploads\/2014\/10\/revolvedores-pintura.jpg 709w, http:\/\/www.palitosdealamo.cl\/wp-content\/uploads\/2014\/10\/revolvedores-pintura-300x122.jpg 300w\" sizes=\"(max-width: 709px) 100vw, 709px\" \/><\/a><\/p>\n<p>HT cuenta fabrica palitos revolvedores de pintura en madera de \u00e1lamo, en distintos modelos y tama\u00f1os. Tambi\u00e9n pueden llevar en grabado l\u00e1ser de logotipos, marcas y textos.<\/p>\n<p><a href=\"http:\/\/www.palitosdealamo.cl\/wp-content\/uploads\/2014\/10\/paletas-pintura-varios-modelos.jpg\"><img loading=\"lazy\" decoding=\"async\" class=\"alignnone size-full wp-image-153\" src=\"http:\/\/www.palitosdealamo.cl\/wp-content\/uploads\/2014\/10\/paletas-pintura-varios-modelos.jpg\" alt=\"paletas pintura , varios modelos\" width=\"320\" height=\"258\" srcset=\"http:\/\/www.palitosdealamo.cl\/wp-content\/uploads\/2014\/10\/paletas-pintura-varios-modelos.jpg 320w, http:\/\/www.palitosdealamo.cl\/wp-content\/uploads\/2014\/10\/paletas-pintura-varios-modelos-300x241.jpg 300w\" sizes=\"(max-width: 320px) 100vw, 320px\" \/><\/a><\/p>\n<p>&nbsp;<\/p>\n<p><a href=\"https:\/\/www.facebook.com\/palitosdealamo\/\" target=\"_blank\" rel=\"noopener noreferrer\"><img loading=\"lazy\" decoding=\"async\" class=\"alignnone wp-image-1009\" src=\"http:\/\/www.palitosdealamo.cl\/wp-content\/uploads\/2014\/10\/boton-face02-300x46.jpg\" alt=\"\" width=\"170\" height=\"26\" srcset=\"http:\/\/www.palitosdealamo.cl\/wp-content\/uploads\/2014\/10\/boton-face02-300x46.jpg 300w, http:\/\/www.palitosdealamo.cl\/wp-content\/uploads\/2014\/10\/boton-face02.jpg 358w\" sizes=\"(max-width: 170px) 100vw, 170px\" \/><\/a><\/p>\n","protected":false},"excerpt":{"rendered":"<p>HT cuenta fabrica palitos revolvedores de pintura en madera de \u00e1lamo, en distintos modelos y tama\u00f1os. Tambi\u00e9n pueden llevar en grabado l\u00e1ser de logotipos, marcas y textos. &nbsp;<\/p>\n","protected":false},"author":1,"featured_media":0,"parent":0,"menu_order":0,"comment_status":"closed","ping_status":"closed","template":"","meta":{"content-type":"","footnotes":""},"_links":{"self":[{"href":"http:\/\/www.palitosdealamo.cl\/index.php?rest_route=\/wp\/v2\/pages\/151"}],"collection":[{"href":"http:\/\/www.palitosdealamo.cl\/index.php?rest_route=\/wp\/v2\/pages"}],"about":[{"href":"http:\/\/www.palitosdealamo.cl\/index.php?rest_route=\/wp\/v2\/types\/page"}],"author":[{"embeddable":true,"href":"http:\/\/www.palitosdealamo.cl\/index.php?rest_route=\/wp\/v2\/users\/1"}],"replies":[{"embeddable":true,"href":"http:\/\/www.palitosdealamo.cl\/index.php?rest_route=%2Fwp%2Fv2%2Fcomments&post=151"}],"version-history":[{"count":4,"href":"http:\/\/www.palitosdealamo.cl\/index.php?rest_route=\/wp\/v2\/pages\/151\/revisions"}],"predecessor-version":[{"id":1471,"href":"http:\/\/www.palitosdealamo.cl\/index.php?rest_route=\/wp\/v2\/pages\/151\/revisions\/1471"}],"wp:attachment":[{"href":"http:\/\/www.palitosdealamo.cl\/index.php?rest_route=%2Fwp%2Fv2%2Fmedia&parent=151"}],"curies":[{"name":"wp","href":"https:\/\/api.w.org\/{rel}","templated":true}]}}