{"id":1485,"date":"2019-10-30T22:40:09","date_gmt":"2019-10-30T22:40:09","guid":{"rendered":"http:\/\/www.palitosdealamo.cl\/?page_id=1485"},"modified":"2024-07-17T20:23:04","modified_gmt":"2024-07-17T20:23:04","slug":"aserrin-hernan-terraza","status":"publish","type":"page","link":"http:\/\/www.palitosdealamo.cl\/?page_id=1485","title":{"rendered":"Aserrin en Saco"},"content":{"rendered":"\n<figure class=\"wp-block-image\"><img loading=\"lazy\" decoding=\"async\" width=\"782\" height=\"554\" src=\"http:\/\/www.palitosdealamo.cl\/wp-content\/uploads\/2022\/04\/aserrin-saco.jpg\" alt=\"\" class=\"wp-image-2486\" srcset=\"http:\/\/www.palitosdealamo.cl\/wp-content\/uploads\/2022\/04\/aserrin-saco.jpg 782w, http:\/\/www.palitosdealamo.cl\/wp-content\/uploads\/2022\/04\/aserrin-saco-300x213.jpg 300w, http:\/\/www.palitosdealamo.cl\/wp-content\/uploads\/2022\/04\/aserrin-saco-768x544.jpg 768w\" sizes=\"(max-width: 782px) 100vw, 782px\" \/><\/figure>\n\n\n\n<h3 class=\"wp-block-heading has-text-align-center has-large-font-size\">ASERRIN DE ALTA CALIDAD PARA TODO USO<\/h3>\n\n\n\n<div class=\"wp-block-columns is-layout-flex wp-container-core-columns-is-layout-1 wp-block-columns-is-layout-flex\">\n<div class=\"wp-block-column is-layout-flow wp-block-column-is-layout-flow\">\n<figure class=\"wp-block-video\"><video controls src=\"http:\/\/www.palitosdealamo.cl\/wp-content\/uploads\/2023\/09\/Aserrin-fino.mp4\"><\/video><\/figure>\n<\/div>\n\n\n\n<div class=\"wp-block-column is-layout-flow wp-block-column-is-layout-flow\">\n<figure class=\"wp-block-video\"><video controls src=\"https:\/\/www.palitosdealamo.cl\/wp-content\/uploads\/2023\/09\/Aserrin-grueso1.mp4\"><\/video><\/figure>\n<\/div>\n<\/div>\n\n\n<div class=\"wp-block-image\">\n<figure class=\"aligncenter\"><img loading=\"lazy\" decoding=\"async\" width=\"1920\" height=\"939\" src=\"http:\/\/www.palitosdealamo.cl\/wp-content\/uploads\/2022\/04\/aserrin-usos.jpg\" alt=\"\" class=\"wp-image-2518\" srcset=\"http:\/\/www.palitosdealamo.cl\/wp-content\/uploads\/2022\/04\/aserrin-usos.jpg 1920w, http:\/\/www.palitosdealamo.cl\/wp-content\/uploads\/2022\/04\/aserrin-usos-300x147.jpg 300w, http:\/\/www.palitosdealamo.cl\/wp-content\/uploads\/2022\/04\/aserrin-usos-768x376.jpg 768w, http:\/\/www.palitosdealamo.cl\/wp-content\/uploads\/2022\/04\/aserrin-usos-1024x501.jpg 1024w\" sizes=\"(max-width: 1920px) 100vw, 1920px\" \/><\/figure><\/div>\n\n\n<h4 class=\"wp-block-heading has-medium-font-size\">CONSTRUCCI\u00d3N<\/h4>\n\n\n\n<p>El aserr\u00edn se utiliza en la construcci\u00f3n para limpiar pisos de hormig\u00f3n. Tambi\u00e9n sirve para elaborar una pasta que se emplea para reparar muros con agujeros o grietas.<\/p>\n\n\n\n<h4 class=\"wp-block-heading has-medium-font-size\">BIO-FILTROS TOH\u00c1<\/h4>\n\n\n\n<p>Es una tecnolog\u00eda de tratamiento de aguas residuales en base a lombrices y varias capas de materiales, entre las que podemos encontrar el aserr\u00edn. Este sistema fue creado y desarrollado por el Dr. Jos\u00e9 Toh\u00e1 Castell\u00e1 en el laboratorio de Biof\u00edsica de la Facultad de Ciencias F\u00edsicas y Matem\u00e1ticas de la Universidad de Chile y se est\u00e1 empleando en algunos lugares del pa\u00eds tales como el Parque Metropolitano en su Jard\u00edn Japon\u00e9s.<\/p>\n\n\n\n<h4 class=\"wp-block-heading has-medium-font-size\">JARDINER\u00cdA<\/h4>\n\n\n\n<p>En jardiner\u00eda se emplea el aserr\u00edn como herbicida natural, lo que es bueno debido a su nula toxicidad.<br>Tambi\u00e9n se puede utilizar en la elaboraci\u00f3n de compostaje, ya que para este se necesitan capas de material h\u00famedo y material seco; el aserr\u00edn act\u00faa como material seco y es completamente natural..<\/p>\n\n\n\n<h4 class=\"wp-block-heading has-medium-font-size\">ELABORACI\u00d3N DE INCIENSO<\/h4>\n\n\n\n<p>Los artesanos utilizan el aserr\u00edn como parte de la pasta con la que se elabora el incienso.<\/p>\n\n\n\n<h4 class=\"wp-block-heading has-medium-font-size\">LIMPIEZA<\/h4>\n\n\n\n<p>El aserr\u00edn es conocido por su uso para evitar las manchas de barro en el piso dejadas por el calzado en los d\u00edas lluviosos. Tambi\u00e9n, por su gran capacidad absorbente, se puede utilizar para eliminar manchas de grasa dejadas por el autom\u00f3vil.<\/p>\n\n\n\n<h4 class=\"wp-block-heading has-medium-font-size\">CUIDADO E HIGIENE DE MASCOTAS<\/h4>\n\n\n\n<p>Por su baja toxicidad, el aserr\u00edn es ideal para los elementos de higiene de mascotas, deshidrata la orina y elimina los malos olores.&nbsp; Adem\u00e1s se puede compostar luego de su uso.<\/p>\n\n\n<div class=\"wp-block-image\">\n<figure class=\"aligncenter\"><img loading=\"lazy\" decoding=\"async\" width=\"1525\" height=\"955\" src=\"http:\/\/www.palitosdealamo.cl\/wp-content\/uploads\/2022\/05\/mascotas-1.jpg\" alt=\"\" class=\"wp-image-2549\" srcset=\"http:\/\/www.palitosdealamo.cl\/wp-content\/uploads\/2022\/05\/mascotas-1.jpg 1525w, http:\/\/www.palitosdealamo.cl\/wp-content\/uploads\/2022\/05\/mascotas-1-300x188.jpg 300w, http:\/\/www.palitosdealamo.cl\/wp-content\/uploads\/2022\/05\/mascotas-1-768x481.jpg 768w, http:\/\/www.palitosdealamo.cl\/wp-content\/uploads\/2022\/05\/mascotas-1-1024x641.jpg 1024w\" sizes=\"(max-width: 1525px) 100vw, 1525px\" \/><\/figure><\/div>\n\n\n<figure class=\"wp-block-image size-large\"><a href=\"https:\/\/www.palitosdealamo.cl\/wp-content\/uploads\/2024\/07\/aserrin-venta-1.jpg\"><img loading=\"lazy\" decoding=\"async\" width=\"1024\" height=\"191\" src=\"https:\/\/www.palitosdealamo.cl\/wp-content\/uploads\/2024\/07\/aserrin-venta-1-1024x191.jpg\" alt=\"\" class=\"wp-image-3756\" srcset=\"http:\/\/www.palitosdealamo.cl\/wp-content\/uploads\/2024\/07\/aserrin-venta-1-1024x191.jpg 1024w, http:\/\/www.palitosdealamo.cl\/wp-content\/uploads\/2024\/07\/aserrin-venta-1-300x56.jpg 300w, http:\/\/www.palitosdealamo.cl\/wp-content\/uploads\/2024\/07\/aserrin-venta-1-768x143.jpg 768w, http:\/\/www.palitosdealamo.cl\/wp-content\/uploads\/2024\/07\/aserrin-venta-1-1536x286.jpg 1536w, http:\/\/www.palitosdealamo.cl\/wp-content\/uploads\/2024\/07\/aserrin-venta-1.jpg 1611w\" sizes=\"(max-width: 1024px) 100vw, 1024px\" \/><\/a><\/figure>\n","protected":false},"excerpt":{"rendered":"<p>ASERRIN DE ALTA CALIDAD PARA TODO USO CONSTRUCCI\u00d3N El aserr\u00edn se utiliza en la construcci\u00f3n para limpiar pisos de hormig\u00f3n. Tambi\u00e9n sirve para elaborar una pasta que se emplea para reparar muros con agujeros o grietas. BIO-FILTROS TOH\u00c1 Es una tecnolog\u00eda de tratamiento de aguas residuales en base a lombrices y varias capas de materiales, [&hellip;]<\/p>\n","protected":false},"author":1,"featured_media":0,"parent":0,"menu_order":0,"comment_status":"closed","ping_status":"closed","template":"","meta":{"content-type":"","footnotes":""},"_links":{"self":[{"href":"http:\/\/www.palitosdealamo.cl\/index.php?rest_route=\/wp\/v2\/pages\/1485"}],"collection":[{"href":"http:\/\/www.palitosdealamo.cl\/index.php?rest_route=\/wp\/v2\/pages"}],"about":[{"href":"http:\/\/www.palitosdealamo.cl\/index.php?rest_route=\/wp\/v2\/types\/page"}],"author":[{"embeddable":true,"href":"http:\/\/www.palitosdealamo.cl\/index.php?rest_route=\/wp\/v2\/users\/1"}],"replies":[{"embeddable":true,"href":"http:\/\/www.palitosdealamo.cl\/index.php?rest_route=%2Fwp%2Fv2%2Fcomments&post=1485"}],"version-history":[{"count":42,"href":"http:\/\/www.palitosdealamo.cl\/index.php?rest_route=\/wp\/v2\/pages\/1485\/revisions"}],"predecessor-version":[{"id":3758,"href":"http:\/\/www.palitosdealamo.cl\/index.php?rest_route=\/wp\/v2\/pages\/1485\/revisions\/3758"}],"wp:attachment":[{"href":"http:\/\/www.palitosdealamo.cl\/index.php?rest_route=%2Fwp%2Fv2%2Fmedia&parent=1485"}],"curies":[{"name":"wp","href":"https:\/\/api.w.org\/{rel}","templated":true}]}}