{"id":10,"date":"2014-10-09T23:29:04","date_gmt":"2014-10-09T23:29:04","guid":{"rendered":"http:\/\/www.palitosdealamo.cl\/?page_id=10"},"modified":"2020-02-25T23:12:06","modified_gmt":"2020-02-25T23:12:06","slug":"medicina","status":"publish","type":"page","link":"http:\/\/www.palitosdealamo.cl\/?page_id=10","title":{"rendered":"Palitos en Medicina"},"content":{"rendered":"<p><a href=\"http:\/\/www.palitosdealamo.cl\/wp-content\/uploads\/2014\/10\/medicina-2.jpg\"><img loading=\"lazy\" decoding=\"async\" class=\"alignnone wp-image-212 size-full\" title=\"madera,alamo,palitos,baja,lengua\" src=\"http:\/\/www.palitosdealamo.cl\/wp-content\/uploads\/2014\/10\/medicina-2.jpg\" alt=\"medicina-2\" width=\"709\" height=\"221\" srcset=\"http:\/\/www.palitosdealamo.cl\/wp-content\/uploads\/2014\/10\/medicina-2.jpg 709w, http:\/\/www.palitosdealamo.cl\/wp-content\/uploads\/2014\/10\/medicina-2-300x93.jpg 300w\" sizes=\"(max-width: 709px) 100vw, 709px\" \/><\/a><\/p>\n<p><strong>Divisi\u00f3n Salud<\/strong><\/p>\n<p>En HT contamos con un stock permanente de palitos baja lengua esterilizados, envasados por unidad, y palitos en cajas de 100 unidades.<\/p>\n<p>Caracter\u00edsticas:<\/p>\n<p>Baja Lengua \/ paletas de \u00c1lamo (13 cm.)<\/p>\n<p>Cantidad: 25 Unid x bolsa<\/p>\n<p>Calidad: Madera de \u00e1lamo<\/p>\n<p>Seguridad: Producto no toxico, elaborado con madera natural de \u00e1lamo<\/p>\n<p>Procedencia: Nacional<\/p>\n<p>Embalaje: Cajas de 200 Bolsas<\/p>\n<p>Variedad: Punta redonda y punta cuadrada<\/p>\n<p>Medidas: Largo: 180 mm<\/p>\n<p>Ancho: 19 mm<\/p>\n<p>Espesor: 2 mms<\/p>\n<p><img loading=\"lazy\" decoding=\"async\" class=\"size-full wp-image-959 aligncenter\" src=\"http:\/\/www.palitosdealamo.cl\/wp-content\/uploads\/2014\/10\/certificacion-fsc.jpg\" alt=\"\" width=\"447\" height=\"40\" srcset=\"http:\/\/www.palitosdealamo.cl\/wp-content\/uploads\/2014\/10\/certificacion-fsc.jpg 447w, http:\/\/www.palitosdealamo.cl\/wp-content\/uploads\/2014\/10\/certificacion-fsc-300x27.jpg 300w\" sizes=\"(max-width: 447px) 100vw, 447px\" \/><\/p>\n<p style=\"text-align: center; font-size: 16px; font-family: Arial; color: #ffffff; background-color: #ff6600; padding: 5px;\"><strong>PARA HACER SUS PEDIDOS, ENCUENTRENOS EN: <img loading=\"lazy\" decoding=\"async\" class=\"alignnone wp-image-876\" src=\"http:\/\/www.palitosdealamo.cl\/wp-content\/uploads\/2014\/10\/w.png\" alt=\"\" width=\"22\" height=\"22\" \/>\u00a0+56-9 94362824 &#8211; +56-9 49101898<\/strong><\/p>\n<p style=\"text-align: center; font-size: 14px; font-family: Arial;\">Despachamos a Regiones, previo dep\u00f3sito bancario, v\u00eda Tur Bus, Lit Cargo y cualquier l\u00ednea que ofrezca el servicio de retiro en taller.<\/p>\n<p><img loading=\"lazy\" decoding=\"async\" class=\"alignnone size-full wp-image-697\" src=\"http:\/\/www.palitosdealamo.cl\/wp-content\/uploads\/2014\/10\/bajalenguas.jpg\" alt=\"\" width=\"690\" height=\"206\" srcset=\"http:\/\/www.palitosdealamo.cl\/wp-content\/uploads\/2014\/10\/bajalenguas.jpg 690w, http:\/\/www.palitosdealamo.cl\/wp-content\/uploads\/2014\/10\/bajalenguas-300x90.jpg 300w\" sizes=\"(max-width: 690px) 100vw, 690px\" \/><\/p>\n<p>&nbsp;<\/p>\n<p><a href=\"https:\/\/www.facebook.com\/palitosdealamo\/\" target=\"_blank\" rel=\"noopener noreferrer\"><img loading=\"lazy\" decoding=\"async\" class=\"alignnone wp-image-1009\" src=\"http:\/\/www.palitosdealamo.cl\/wp-content\/uploads\/2014\/10\/boton-face02-300x46.jpg\" alt=\"\" width=\"170\" height=\"26\" srcset=\"http:\/\/www.palitosdealamo.cl\/wp-content\/uploads\/2014\/10\/boton-face02-300x46.jpg 300w, http:\/\/www.palitosdealamo.cl\/wp-content\/uploads\/2014\/10\/boton-face02.jpg 358w\" sizes=\"(max-width: 170px) 100vw, 170px\" \/><\/a><\/p>\n","protected":false},"excerpt":{"rendered":"<p>Divisi\u00f3n Salud En HT contamos con un stock permanente de palitos baja lengua esterilizados, envasados por unidad, y palitos en cajas de 100 unidades. Caracter\u00edsticas: Baja Lengua \/ paletas de \u00c1lamo (13 cm.) Cantidad: 25 Unid x bolsa Calidad: Madera de \u00e1lamo Seguridad: Producto no toxico, elaborado con madera natural de \u00e1lamo Procedencia: Nacional Embalaje: [&hellip;]<\/p>\n","protected":false},"author":1,"featured_media":0,"parent":0,"menu_order":0,"comment_status":"closed","ping_status":"closed","template":"","meta":{"content-type":"","footnotes":""},"_links":{"self":[{"href":"http:\/\/www.palitosdealamo.cl\/index.php?rest_route=\/wp\/v2\/pages\/10"}],"collection":[{"href":"http:\/\/www.palitosdealamo.cl\/index.php?rest_route=\/wp\/v2\/pages"}],"about":[{"href":"http:\/\/www.palitosdealamo.cl\/index.php?rest_route=\/wp\/v2\/types\/page"}],"author":[{"embeddable":true,"href":"http:\/\/www.palitosdealamo.cl\/index.php?rest_route=\/wp\/v2\/users\/1"}],"replies":[{"embeddable":true,"href":"http:\/\/www.palitosdealamo.cl\/index.php?rest_route=%2Fwp%2Fv2%2Fcomments&post=10"}],"version-history":[{"count":15,"href":"http:\/\/www.palitosdealamo.cl\/index.php?rest_route=\/wp\/v2\/pages\/10\/revisions"}],"predecessor-version":[{"id":1528,"href":"http:\/\/www.palitosdealamo.cl\/index.php?rest_route=\/wp\/v2\/pages\/10\/revisions\/1528"}],"wp:attachment":[{"href":"http:\/\/www.palitosdealamo.cl\/index.php?rest_route=%2Fwp%2Fv2%2Fmedia&parent=10"}],"curies":[{"name":"wp","href":"https:\/\/api.w.org\/{rel}","templated":true}]}}